{"id":1704,"date":"2023-05-16T16:02:24","date_gmt":"2023-05-16T19:02:24","guid":{"rendered":"https:\/\/hnsg.com.br\/portaltransparencia\/?page_id=1704"},"modified":"2025-06-04T08:03:47","modified_gmt":"2025-06-04T11:03:47","slug":"atenidmento-sus-2022-2","status":"publish","type":"page","link":"https:\/\/hnsg.com.br\/portaltransparencia\/atenidmento-sus-2022-2\/","title":{"rendered":"TERMO DE REPASSE FINANCEIRO"},"content":{"rendered":"\t\t<div data-elementor-type=\"wp-page\" data-elementor-id=\"1704\" class=\"elementor elementor-1704\" data-elementor-settings=\"{&quot;premium_particles_zindex&quot;:0,&quot;premium_particles_responsive&quot;:[&quot;desktop&quot;,&quot;tablet&quot;,&quot;mobile&quot;]}\" data-elementor-post-type=\"page\">\n\t\t\t\t\t\t\t\t\t<section class=\"elementor-section elementor-top-section elementor-element elementor-element-063ec7b elementor-section-boxed elementor-section-height-default elementor-section-height-default\" data-id=\"063ec7b\" data-element_type=\"section\" data-settings=\"{&quot;premium_particles_zindex&quot;:0,&quot;premium_particles_responsive&quot;:[&quot;desktop&quot;,&quot;tablet&quot;,&quot;mobile&quot;],&quot;_ha_eqh_enable&quot;:false}\">\n\t\t\t\t\t\t<div class=\"elementor-container elementor-column-gap-default\">\n\t\t\t\t\t\t\t\t<\/div>\n\t\t<\/section>\n\t\t\t\t<section class=\"elementor-section elementor-top-section elementor-element elementor-element-2a84a43 elementor-section-boxed elementor-section-height-default elementor-section-height-default\" data-id=\"2a84a43\" data-element_type=\"section\" data-settings=\"{&quot;premium_particles_zindex&quot;:0,&quot;premium_particles_responsive&quot;:[&quot;desktop&quot;,&quot;tablet&quot;,&quot;mobile&quot;],&quot;_ha_eqh_enable&quot;:false}\">\n\t\t\t\t\t\t<div class=\"elementor-container elementor-column-gap-default\">\n\t\t\t\t\t\t\t\t<\/div>\n\t\t<\/section>\n\t\t\t\t<section class=\"elementor-section elementor-top-section elementor-element elementor-element-8a95d64 elementor-section-full_width elementor-section-stretched elementor-section-height-default elementor-section-height-default\" data-id=\"8a95d64\" data-element_type=\"section\" data-settings=\"{&quot;stretch_section&quot;:&quot;section-stretched&quot;,&quot;premium_particles_zindex&quot;:0,&quot;premium_particles_responsive&quot;:[&quot;desktop&quot;,&quot;tablet&quot;,&quot;mobile&quot;],&quot;_ha_eqh_enable&quot;:false}\">\n\t\t\t\t\t\t<div class=\"elementor-container elementor-column-gap-default\">\n\t\t\t\t\t<div class=\"elementor-column elementor-col-50 elementor-top-column elementor-element elementor-element-bd1fbd8 elementor-hidden-mobile\" data-id=\"bd1fbd8\" data-element_type=\"column\" data-settings=\"{&quot;background_background&quot;:&quot;classic&quot;,&quot;premium_particles_zindex&quot;:0,&quot;premium_particles_responsive&quot;:[&quot;desktop&quot;,&quot;tablet&quot;,&quot;mobile&quot;]}\">\n\t\t\t<div class=\"elementor-widget-wrap\">\n\t\t\t\t\t\t\t\t\t<\/div>\n\t\t<\/div>\n\t\t\t\t<div class=\"elementor-column elementor-col-50 elementor-top-column elementor-element elementor-element-5f5baed\" data-id=\"5f5baed\" data-element_type=\"column\" data-settings=\"{&quot;background_background&quot;:&quot;classic&quot;,&quot;premium_particles_zindex&quot;:0,&quot;premium_particles_responsive&quot;:[&quot;desktop&quot;,&quot;tablet&quot;,&quot;mobile&quot;]}\">\n\t\t\t<div class=\"elementor-widget-wrap elementor-element-populated\">\n\t\t\t\t\t\t\t\t<div class=\"elementor-element elementor-element-8e1dbd9 elementor-widget elementor-widget-heading\" data-id=\"8e1dbd9\" data-element_type=\"widget\" data-widget_type=\"heading.default\">\n\t\t\t\t<div class=\"elementor-widget-container\">\n\t\t\t<h2 class=\"elementor-heading-title elementor-size-default\">TERMOS DE REPASSE FINANCEIRO<\/h2>\t\t<\/div>\n\t\t\t\t<\/div>\n\t\t\t\t\t<\/div>\n\t\t<\/div>\n\t\t\t\t\t\t\t<\/div>\n\t\t<\/section>\n\t\t\t\t<section class=\"elementor-section elementor-top-section elementor-element elementor-element-135183e elementor-section-full_width elementor-section-stretched elementor-section-height-default elementor-section-height-default\" data-id=\"135183e\" data-element_type=\"section\" data-settings=\"{&quot;stretch_section&quot;:&quot;section-stretched&quot;,&quot;premium_particles_zindex&quot;:0,&quot;premium_particles_responsive&quot;:[&quot;desktop&quot;,&quot;tablet&quot;,&quot;mobile&quot;],&quot;_ha_eqh_enable&quot;:false}\">\n\t\t\t\t\t\t<div class=\"elementor-container elementor-column-gap-default\">\n\t\t\t\t\t<div class=\"elementor-column elementor-col-100 elementor-top-column elementor-element elementor-element-0fc348d\" data-id=\"0fc348d\" data-element_type=\"column\" data-settings=\"{&quot;premium_particles_zindex&quot;:0,&quot;premium_particles_responsive&quot;:[&quot;desktop&quot;,&quot;tablet&quot;,&quot;mobile&quot;]}\">\n\t\t\t<div class=\"elementor-widget-wrap elementor-element-populated\">\n\t\t\t\t\t\t\t\t<div class=\"elementor-element elementor-element-248fb7f elementor-widget elementor-widget-spacer\" data-id=\"248fb7f\" data-element_type=\"widget\" data-widget_type=\"spacer.default\">\n\t\t\t\t<div class=\"elementor-widget-container\">\n\t\t\t\t\t<div class=\"elementor-spacer\">\n\t\t\t<div class=\"elementor-spacer-inner\"><\/div>\n\t\t<\/div>\n\t\t\t\t<\/div>\n\t\t\t\t<\/div>\n\t\t\t\t\t<\/div>\n\t\t<\/div>\n\t\t\t\t\t\t\t<\/div>\n\t\t<\/section>\n\t\t\t\t<section class=\"elementor-section elementor-top-section elementor-element elementor-element-346a7aa elementor-section-full_width elementor-section-stretched elementor-hidden-mobile elementor-hidden-desktop elementor-section-height-default elementor-section-height-default\" data-id=\"346a7aa\" data-element_type=\"section\" data-settings=\"{&quot;stretch_section&quot;:&quot;section-stretched&quot;,&quot;background_background&quot;:&quot;classic&quot;,&quot;premium_particles_zindex&quot;:0,&quot;premium_particles_responsive&quot;:[&quot;desktop&quot;,&quot;tablet&quot;,&quot;mobile&quot;],&quot;_ha_eqh_enable&quot;:false}\">\n\t\t\t\t\t\t<div class=\"elementor-container elementor-column-gap-default\">\n\t\t\t\t\t<div class=\"elementor-column elementor-col-33 elementor-top-column elementor-element elementor-element-b1c0795\" data-id=\"b1c0795\" data-element_type=\"column\" data-settings=\"{&quot;premium_particles_zindex&quot;:0,&quot;premium_particles_responsive&quot;:[&quot;desktop&quot;,&quot;tablet&quot;,&quot;mobile&quot;]}\">\n\t\t\t<div class=\"elementor-widget-wrap elementor-element-populated\">\n\t\t\t\t\t\t\t\t<div class=\"elementor-element elementor-element-e54df6e elementor-widget elementor-widget-heading\" data-id=\"e54df6e\" data-element_type=\"widget\" data-widget_type=\"heading.default\">\n\t\t\t\t<div class=\"elementor-widget-container\">\n\t\t\t<h2 class=\"elementor-heading-title elementor-size-default\">Nome<\/h2>\t\t<\/div>\n\t\t\t\t<\/div>\n\t\t\t\t\t<\/div>\n\t\t<\/div>\n\t\t\t\t<div class=\"elementor-column elementor-col-33 elementor-top-column elementor-element elementor-element-4fb2f19\" data-id=\"4fb2f19\" data-element_type=\"column\" data-settings=\"{&quot;premium_particles_zindex&quot;:0,&quot;premium_particles_responsive&quot;:[&quot;desktop&quot;,&quot;tablet&quot;,&quot;mobile&quot;]}\">\n\t\t\t<div class=\"elementor-widget-wrap elementor-element-populated\">\n\t\t\t\t\t\t\t\t<div class=\"elementor-element elementor-element-a4bf56d elementor-widget elementor-widget-heading\" data-id=\"a4bf56d\" data-element_type=\"widget\" data-widget_type=\"heading.default\">\n\t\t\t\t<div class=\"elementor-widget-container\">\n\t\t\t<h2 class=\"elementor-heading-title elementor-size-default\">Data<\/h2>\t\t<\/div>\n\t\t\t\t<\/div>\n\t\t\t\t\t<\/div>\n\t\t<\/div>\n\t\t\t\t<div class=\"elementor-column elementor-col-33 elementor-top-column elementor-element elementor-element-732e591\" data-id=\"732e591\" data-element_type=\"column\" data-settings=\"{&quot;premium_particles_zindex&quot;:0,&quot;premium_particles_responsive&quot;:[&quot;desktop&quot;,&quot;tablet&quot;,&quot;mobile&quot;]}\">\n\t\t\t<div class=\"elementor-widget-wrap elementor-element-populated\">\n\t\t\t\t\t\t\t\t<div class=\"elementor-element elementor-element-787f098 elementor-widget elementor-widget-heading\" data-id=\"787f098\" data-element_type=\"widget\" data-widget_type=\"heading.default\">\n\t\t\t\t<div class=\"elementor-widget-container\">\n\t\t\t<h2 class=\"elementor-heading-title elementor-size-default\">DOWNLOAD<\/h2>\t\t<\/div>\n\t\t\t\t<\/div>\n\t\t\t\t\t<\/div>\n\t\t<\/div>\n\t\t\t\t\t\t\t<\/div>\n\t\t<\/section>\n\t\t\t\t<section class=\"elementor-section elementor-top-section elementor-element elementor-element-6eda058 elementor-section-boxed elementor-section-height-default elementor-section-height-default\" data-id=\"6eda058\" data-element_type=\"section\" data-settings=\"{&quot;premium_particles_zindex&quot;:0,&quot;premium_particles_responsive&quot;:[&quot;desktop&quot;,&quot;tablet&quot;,&quot;mobile&quot;],&quot;_ha_eqh_enable&quot;:false}\">\n\t\t\t\t\t\t<div class=\"elementor-container elementor-column-gap-default\">\n\t\t\t\t\t<div class=\"elementor-column elementor-col-100 elementor-top-column elementor-element elementor-element-50ebaec\" data-id=\"50ebaec\" data-element_type=\"column\" data-settings=\"{&quot;premium_particles_zindex&quot;:0,&quot;premium_particles_responsive&quot;:[&quot;desktop&quot;,&quot;tablet&quot;,&quot;mobile&quot;]}\">\n\t\t\t<div class=\"elementor-widget-wrap elementor-element-populated\">\n\t\t\t\t\t\t\t\t<div class=\"elementor-element elementor-element-e1bf5bb elementor-widget elementor-widget-mfn_tabs\" data-id=\"e1bf5bb\" data-element_type=\"widget\" data-widget_type=\"mfn_tabs.default\">\n\t\t\t\t<div class=\"elementor-widget-container\">\n\t\t\t<div class=\"jq-tabs tabs_wrapper tabs_horizontal\"><ul><li><a href=\"#tab-69e780f6e4e0d-1\">TERMOS<\/a><\/li><\/ul><div id=\"tab-69e780f6e4e0d-1\" ><table class=\"table table-dark\" style=\"height: 27px;\" width=\"581\"><thead><tr><th scope=\"col\"><a href=\"https:\/\/drive.google.com\/file\/d\/1NS6vvsrADiwwsz5FxsKFFnxnyINLfrvy\/view?usp=drive_link\"> \u00a0<\/a><a href=\"https:\/\/drive.google.com\/file\/d\/1AcD00jXkxreP-b15i9TnKrdw6_FUT8Z0\/view?usp=sharing\"><img decoding=\"async\" class=\"alignnone wp-image-1160\" src=\"https:\/\/hnsg.com.br\/portaltransparencia\/wp-content\/uploads\/2022\/07\/download-300x300.png\" alt=\"\" width=\"35\" height=\"35\" srcset=\"https:\/\/hnsg.com.br\/portaltransparencia\/wp-content\/uploads\/2022\/07\/download-300x300.png 300w, https:\/\/hnsg.com.br\/portaltransparencia\/wp-content\/uploads\/2022\/07\/download-150x150.png 150w, https:\/\/hnsg.com.br\/portaltransparencia\/wp-content\/uploads\/2022\/07\/download-146x146.png 146w, https:\/\/hnsg.com.br\/portaltransparencia\/wp-content\/uploads\/2022\/07\/download-50x50.png 50w, https:\/\/hnsg.com.br\/portaltransparencia\/wp-content\/uploads\/2022\/07\/download-75x75.png 75w, https:\/\/hnsg.com.br\/portaltransparencia\/wp-content\/uploads\/2022\/07\/download-85x85.png 85w, https:\/\/hnsg.com.br\/portaltransparencia\/wp-content\/uploads\/2022\/07\/download-80x80.png 80w, https:\/\/hnsg.com.br\/portaltransparencia\/wp-content\/uploads\/2022\/07\/download.png 512w\" sizes=\"(max-width: 35px) 100vw, 35px\" \/><\/a><\/th><th style=\"text-align: left;\" scope=\"col\">TERMO DE REPASSE FINANCEIRO - EXTRAPOLAMENTO ONCOLOGIA 2015-2017\u00a0 \u00a0 \u00a0 \u00a0<\/th><\/tr><\/thead><\/table><table class=\"table table-dark\" style=\"height: 27px;\" width=\"581\"><thead><tr><th scope=\"col\"><a href=\"https:\/\/drive.google.com\/file\/d\/1NS6vvsrADiwwsz5FxsKFFnxnyINLfrvy\/view?usp=drive_link\"> \u00a0<\/a><a href=\"https:\/\/drive.google.com\/file\/d\/11ErbDy-4Wm8MFj2aFkitFBRZa5nZ0nM-\/view?usp=sharing\"><img decoding=\"async\" class=\"alignnone wp-image-1160\" src=\"https:\/\/hnsg.com.br\/portaltransparencia\/wp-content\/uploads\/2022\/07\/download-300x300.png\" alt=\"\" width=\"35\" height=\"35\" srcset=\"https:\/\/hnsg.com.br\/portaltransparencia\/wp-content\/uploads\/2022\/07\/download-300x300.png 300w, https:\/\/hnsg.com.br\/portaltransparencia\/wp-content\/uploads\/2022\/07\/download-150x150.png 150w, https:\/\/hnsg.com.br\/portaltransparencia\/wp-content\/uploads\/2022\/07\/download-146x146.png 146w, https:\/\/hnsg.com.br\/portaltransparencia\/wp-content\/uploads\/2022\/07\/download-50x50.png 50w, https:\/\/hnsg.com.br\/portaltransparencia\/wp-content\/uploads\/2022\/07\/download-75x75.png 75w, https:\/\/hnsg.com.br\/portaltransparencia\/wp-content\/uploads\/2022\/07\/download-85x85.png 85w, https:\/\/hnsg.com.br\/portaltransparencia\/wp-content\/uploads\/2022\/07\/download-80x80.png 80w, https:\/\/hnsg.com.br\/portaltransparencia\/wp-content\/uploads\/2022\/07\/download.png 512w\" sizes=\"(max-width: 35px) 100vw, 35px\" \/><\/a><\/th><th style=\"text-align: left;\" scope=\"col\">TERMO DOA\u00c7\u00c3O DE BENS - TOM\u00d3GRAFO\u00a0 \u00a0 \u00a0 \u00a0 \u00a0 \u00a0 \u00a0 \u00a0 \u00a0 \u00a0 \u00a0 \u00a0 \u00a0 \u00a0 \u00a0 \u00a0 \u00a0 \u00a0 \u00a0 \u00a0 \u00a0 \u00a0 \u00a0 \u00a0 \u00a0 \u00a0 \u00a0 \u00a0 \u00a0 \u00a0 \u00a0 \u00a0 \u00a0 \u00a0 \u00a0 \u00a0 \u00a0 \u00a0 \u00a0\u00a0<\/th><\/tr><\/thead><\/table><table class=\"table table-dark\" style=\"height: 27px;\" width=\"581\"><thead><tr><th scope=\"col\"><a href=\"https:\/\/drive.google.com\/file\/d\/1NS6vvsrADiwwsz5FxsKFFnxnyINLfrvy\/view?usp=drive_link\"> \u00a0<\/a><a href=\"https:\/\/drive.google.com\/file\/d\/1RIP-j7ZmytByJvhViShaKmvObjOjk7lt\/view?usp=sharing\"><img decoding=\"async\" class=\"alignnone wp-image-1160\" src=\"https:\/\/hnsg.com.br\/portaltransparencia\/wp-content\/uploads\/2022\/07\/download-300x300.png\" alt=\"\" width=\"35\" height=\"35\" srcset=\"https:\/\/hnsg.com.br\/portaltransparencia\/wp-content\/uploads\/2022\/07\/download-300x300.png 300w, https:\/\/hnsg.com.br\/portaltransparencia\/wp-content\/uploads\/2022\/07\/download-150x150.png 150w, https:\/\/hnsg.com.br\/portaltransparencia\/wp-content\/uploads\/2022\/07\/download-146x146.png 146w, https:\/\/hnsg.com.br\/portaltransparencia\/wp-content\/uploads\/2022\/07\/download-50x50.png 50w, https:\/\/hnsg.com.br\/portaltransparencia\/wp-content\/uploads\/2022\/07\/download-75x75.png 75w, https:\/\/hnsg.com.br\/portaltransparencia\/wp-content\/uploads\/2022\/07\/download-85x85.png 85w, https:\/\/hnsg.com.br\/portaltransparencia\/wp-content\/uploads\/2022\/07\/download-80x80.png 80w, https:\/\/hnsg.com.br\/portaltransparencia\/wp-content\/uploads\/2022\/07\/download.png 512w\" sizes=\"(max-width: 35px) 100vw, 35px\" \/><\/a><\/th><th style=\"text-align: left;\" scope=\"col\">TERMO DE COOPERA\u00c7\u00c3O 001.2024 - SALA DE VACINAS \u00a0 \u00a0 \u00a0 \u00a0 \u00a0 \u00a0 \u00a0 \u00a0 \u00a0 \u00a0 \u00a0 \u00a0 \u00a0 \u00a0 \u00a0 \u00a0 \u00a0 \u00a0 \u00a0 \u00a0 \u00a0 \u00a0 \u00a0 \u00a0 \u00a0 \u00a0<\/th><\/tr><\/thead><\/table><table class=\"table table-dark\" style=\"height: 27px;\" width=\"581\"><thead><tr><th scope=\"col\"><a href=\"https:\/\/drive.google.com\/file\/d\/1NS6vvsrADiwwsz5FxsKFFnxnyINLfrvy\/view?usp=drive_link\"> \u00a0<\/a><a href=\"https:\/\/drive.google.com\/file\/d\/1hMq6ImuPDILEiXyDN7cOdbQlg6ru4I7T\/view?usp=sharing\"><img decoding=\"async\" class=\"alignnone wp-image-1160\" src=\"https:\/\/hnsg.com.br\/portaltransparencia\/wp-content\/uploads\/2022\/07\/download-300x300.png\" alt=\"\" width=\"35\" height=\"35\" srcset=\"https:\/\/hnsg.com.br\/portaltransparencia\/wp-content\/uploads\/2022\/07\/download-300x300.png 300w, https:\/\/hnsg.com.br\/portaltransparencia\/wp-content\/uploads\/2022\/07\/download-150x150.png 150w, https:\/\/hnsg.com.br\/portaltransparencia\/wp-content\/uploads\/2022\/07\/download-146x146.png 146w, https:\/\/hnsg.com.br\/portaltransparencia\/wp-content\/uploads\/2022\/07\/download-50x50.png 50w, https:\/\/hnsg.com.br\/portaltransparencia\/wp-content\/uploads\/2022\/07\/download-75x75.png 75w, https:\/\/hnsg.com.br\/portaltransparencia\/wp-content\/uploads\/2022\/07\/download-85x85.png 85w, https:\/\/hnsg.com.br\/portaltransparencia\/wp-content\/uploads\/2022\/07\/download-80x80.png 80w, https:\/\/hnsg.com.br\/portaltransparencia\/wp-content\/uploads\/2022\/07\/download.png 512w\" sizes=\"(max-width: 35px) 100vw, 35px\" \/><\/a><\/th><th style=\"text-align: left;\" scope=\"col\">TERMO REPASSE FINANCEIRO RESOLU\u00c7\u00c3O SES MG EQUIPAMENTOS E ONCOLOGIA<\/th><\/tr><\/thead><\/table><table class=\"table table-dark\" style=\"height: 27px;\" width=\"581\"><thead><tr><th scope=\"col\"><a href=\"https:\/\/drive.google.com\/file\/d\/1NS6vvsrADiwwsz5FxsKFFnxnyINLfrvy\/view?usp=drive_link\"> \u00a0<\/a><a href=\"https:\/\/drive.google.com\/file\/d\/1nxMEmz1d2QZO1zG3mLX-iOuj3P4NqodU\/view?usp=sharing\"><img decoding=\"async\" class=\"alignnone wp-image-1160\" src=\"https:\/\/hnsg.com.br\/portaltransparencia\/wp-content\/uploads\/2022\/07\/download-300x300.png\" alt=\"\" width=\"35\" height=\"35\" srcset=\"https:\/\/hnsg.com.br\/portaltransparencia\/wp-content\/uploads\/2022\/07\/download-300x300.png 300w, https:\/\/hnsg.com.br\/portaltransparencia\/wp-content\/uploads\/2022\/07\/download-150x150.png 150w, https:\/\/hnsg.com.br\/portaltransparencia\/wp-content\/uploads\/2022\/07\/download-146x146.png 146w, https:\/\/hnsg.com.br\/portaltransparencia\/wp-content\/uploads\/2022\/07\/download-50x50.png 50w, https:\/\/hnsg.com.br\/portaltransparencia\/wp-content\/uploads\/2022\/07\/download-75x75.png 75w, https:\/\/hnsg.com.br\/portaltransparencia\/wp-content\/uploads\/2022\/07\/download-85x85.png 85w, https:\/\/hnsg.com.br\/portaltransparencia\/wp-content\/uploads\/2022\/07\/download-80x80.png 80w, https:\/\/hnsg.com.br\/portaltransparencia\/wp-content\/uploads\/2022\/07\/download.png 512w\" sizes=\"(max-width: 35px) 100vw, 35px\" \/><\/a><\/th><th style=\"text-align: left;\" scope=\"col\">TERMO DE REPASSE FINANCEIRO RESOLU\u00c7\u00c3O 9483\u00a0 \u00a0 \u00a0 \u00a0 \u00a0 \u00a0 \u00a0 \u00a0 \u00a0 \u00a0 \u00a0 \u00a0 \u00a0 \u00a0 \u00a0 \u00a0 \u00a0 \u00a0 \u00a0 \u00a0 \u00a0 \u00a0 \u00a0 \u00a0 \u00a0 \u00a0 \u00a0\u00a0<\/th><\/tr><\/thead><\/table><table class=\"table table-dark\" style=\"height: 27px;\" width=\"581\"><thead><tr><th scope=\"col\"><a href=\"https:\/\/drive.google.com\/file\/d\/1NS6vvsrADiwwsz5FxsKFFnxnyINLfrvy\/view?usp=drive_link\"> \u00a0<\/a><a href=\"https:\/\/drive.google.com\/file\/d\/106xXTp44Z-dbEBgIpD-xW-fvDURjH5gS\/view?usp=sharing\"><img decoding=\"async\" class=\"alignnone wp-image-1160\" src=\"https:\/\/hnsg.com.br\/portaltransparencia\/wp-content\/uploads\/2022\/07\/download-300x300.png\" alt=\"\" width=\"35\" height=\"35\" srcset=\"https:\/\/hnsg.com.br\/portaltransparencia\/wp-content\/uploads\/2022\/07\/download-300x300.png 300w, https:\/\/hnsg.com.br\/portaltransparencia\/wp-content\/uploads\/2022\/07\/download-150x150.png 150w, https:\/\/hnsg.com.br\/portaltransparencia\/wp-content\/uploads\/2022\/07\/download-146x146.png 146w, https:\/\/hnsg.com.br\/portaltransparencia\/wp-content\/uploads\/2022\/07\/download-50x50.png 50w, https:\/\/hnsg.com.br\/portaltransparencia\/wp-content\/uploads\/2022\/07\/download-75x75.png 75w, https:\/\/hnsg.com.br\/portaltransparencia\/wp-content\/uploads\/2022\/07\/download-85x85.png 85w, https:\/\/hnsg.com.br\/portaltransparencia\/wp-content\/uploads\/2022\/07\/download-80x80.png 80w, https:\/\/hnsg.com.br\/portaltransparencia\/wp-content\/uploads\/2022\/07\/download.png 512w\" sizes=\"(max-width: 35px) 100vw, 35px\" \/><\/a><\/th><th style=\"text-align: left;\" scope=\"col\"><strong>TERMO DE REPASSE FINANCEIRO RESOLU\u00c7\u00c3O E PORTARIAS\u00a0 \u00a0 \u00a0 \u00a0 \u00a0 \u00a0 \u00a0 \u00a0 \u00a0 \u00a0 \u00a0 \u00a0 \u00a0 \u00a0 \u00a0 \u00a0 \u00a0 \u00a0\u00a0<\/strong><\/th><\/tr><\/thead><\/table><table class=\"table table-dark\" style=\"height: 27px;\" width=\"581\"><thead><tr><th scope=\"col\"><a href=\"https:\/\/drive.google.com\/file\/d\/1NS6vvsrADiwwsz5FxsKFFnxnyINLfrvy\/view?usp=drive_link\"> \u00a0<\/a><a href=\"https:\/\/drive.google.com\/file\/d\/1zxd_9KWmDJrJAusr_RaSkjmDIZ_vqVYe\/view?usp=sharing\"><img decoding=\"async\" class=\"alignnone wp-image-1160\" src=\"https:\/\/hnsg.com.br\/portaltransparencia\/wp-content\/uploads\/2022\/07\/download-300x300.png\" alt=\"\" width=\"35\" height=\"35\" srcset=\"https:\/\/hnsg.com.br\/portaltransparencia\/wp-content\/uploads\/2022\/07\/download-300x300.png 300w, https:\/\/hnsg.com.br\/portaltransparencia\/wp-content\/uploads\/2022\/07\/download-150x150.png 150w, https:\/\/hnsg.com.br\/portaltransparencia\/wp-content\/uploads\/2022\/07\/download-146x146.png 146w, https:\/\/hnsg.com.br\/portaltransparencia\/wp-content\/uploads\/2022\/07\/download-50x50.png 50w, https:\/\/hnsg.com.br\/portaltransparencia\/wp-content\/uploads\/2022\/07\/download-75x75.png 75w, https:\/\/hnsg.com.br\/portaltransparencia\/wp-content\/uploads\/2022\/07\/download-85x85.png 85w, https:\/\/hnsg.com.br\/portaltransparencia\/wp-content\/uploads\/2022\/07\/download-80x80.png 80w, https:\/\/hnsg.com.br\/portaltransparencia\/wp-content\/uploads\/2022\/07\/download.png 512w\" sizes=\"(max-width: 35px) 100vw, 35px\" \/><\/a><\/th><th style=\"text-align: left;\" scope=\"col\"><strong>TERMO REPASSE FINANCEIRO RESOLU\u00c7\u00c3O 9676 - ONCOLOGIA \u00a0 \u00a0 \u00a0 \u00a0 \u00a0 \u00a0 \u00a0 \u00a0 \u00a0 \u00a0 \u00a0 \u00a0 \u00a0 \u00a0 \u00a0<\/strong><\/th><\/tr><\/thead><\/table><p>\u00a0<\/p><\/div><\/div>\t\t<\/div>\n\t\t\t\t<\/div>\n\t\t\t\t\t<\/div>\n\t\t<\/div>\n\t\t\t\t\t\t\t<\/div>\n\t\t<\/section>\n\t\t\t\t\t\t\t<\/div>\n\t\t","protected":false},"excerpt":{"rendered":"<p>TERMOS DE REPASSE FINANCEIRO Nome Data DOWNLOAD TERMOS \u00a0 TERMO DE REPASSE FINANCEIRO &#8211; EXTRAPOLAMENTO ONCOLOGIA 2015-2017\u00a0 \u00a0 \u00a0 \u00a0 \u00a0 TERMO DOA\u00c7\u00c3O DE BENS &#8211;<span class=\"excerpt-hellip\"> [?]<\/span><\/p>\n","protected":false},"author":1,"featured_media":0,"parent":0,"menu_order":0,"comment_status":"closed","ping_status":"closed","template":"","meta":{"om_disable_all_campaigns":false,"_monsterinsights_skip_tracking":false,"_monsterinsights_sitenote_active":false,"_monsterinsights_sitenote_note":"","_monsterinsights_sitenote_category":0,"footnotes":""},"class_list":["post-1704","page","type-page","status-publish","hentry"],"aioseo_notices":[],"_links":{"self":[{"href":"https:\/\/hnsg.com.br\/portaltransparencia\/wp-json\/wp\/v2\/pages\/1704","targetHints":{"allow":["GET"]}}],"collection":[{"href":"https:\/\/hnsg.com.br\/portaltransparencia\/wp-json\/wp\/v2\/pages"}],"about":[{"href":"https:\/\/hnsg.com.br\/portaltransparencia\/wp-json\/wp\/v2\/types\/page"}],"author":[{"embeddable":true,"href":"https:\/\/hnsg.com.br\/portaltransparencia\/wp-json\/wp\/v2\/users\/1"}],"replies":[{"embeddable":true,"href":"https:\/\/hnsg.com.br\/portaltransparencia\/wp-json\/wp\/v2\/comments?post=1704"}],"version-history":[{"count":79,"href":"https:\/\/hnsg.com.br\/portaltransparencia\/wp-json\/wp\/v2\/pages\/1704\/revisions"}],"predecessor-version":[{"id":2364,"href":"https:\/\/hnsg.com.br\/portaltransparencia\/wp-json\/wp\/v2\/pages\/1704\/revisions\/2364"}],"wp:attachment":[{"href":"https:\/\/hnsg.com.br\/portaltransparencia\/wp-json\/wp\/v2\/media?parent=1704"}],"curies":[{"name":"wp","href":"https:\/\/api.w.org\/{rel}","templated":true}]}}